{"id":2249,"date":"2022-09-05T13:35:48","date_gmt":"2022-09-05T13:35:48","guid":{"rendered":"https:\/\/catharinaanastasia.foundation\/?page_id=2249"},"modified":"2022-09-05T16:22:38","modified_gmt":"2022-09-05T16:22:38","slug":"notre-conte-de-fees","status":"publish","type":"page","link":"https:\/\/catharinaanastasia.foundation\/fr\/notre-conte-de-fees\/","title":{"rendered":"Notre conte de f\u00e9es"},"content":{"rendered":"<div class=\"fusion-fullwidth fullwidth-box fusion-builder-row-1 nonhundred-percent-fullwidth non-hundred-percent-height-scrolling\" style=\"--awb-border-radius-top-left:0px;--awb-border-radius-top-right:0px;--awb-border-radius-bottom-right:0px;--awb-border-radius-bottom-left:0px;--awb-flex-wrap:wrap;\" ><div class=\"fusion-builder-row fusion-row\"><div class=\"fusion-layout-column fusion_builder_column fusion-builder-column-0 fusion_builder_column_1_1 1_1 fusion-one-full fusion-column-first fusion-column-last\" style=\"--awb-bg-color:#ec8678;--awb-bg-color-hover:#ec8678;--awb-bg-size:cover;--awb-border-color:#ec8678;--awb-border-top:1px;--awb-border-right:1px;--awb-border-bottom:1px;--awb-border-left:1px;--awb-border-style:solid;\"><div class=\"fusion-column-wrapper fusion-column-has-shadow fusion-flex-column-wrapper-legacy\"><div class=\"fusion-title title fusion-title-1 fusion-title-text fusion-title-size-three\" style=\"--awb-text-color:#ffffff;--awb-margin-top-small:10px;--awb-margin-right-small:0px;--awb-margin-bottom-small:10px;--awb-margin-left-small:0px;--awb-sep-color:#ffffff;\"><h3 class=\"fusion-title-heading title-heading-left\" style=\"margin:0;\"><span style=\"color: #ffffff;\">Histoire<\/span><\/h3><span class=\"awb-title-spacer\"><\/span><div class=\"title-sep-container\"><div class=\"title-sep sep-double sep-solid\" style=\"border-color:#ffffff;\"><\/div><\/div><\/div><div class=\"fusion-clearfix\"><\/div><\/div><\/div><div class=\"fusion-layout-column fusion_builder_column fusion-builder-column-1 fusion_builder_column_1_1 1_1 fusion-one-full fusion-column-first fusion-column-last\" style=\"--awb-bg-size:cover;\"><div class=\"fusion-column-wrapper fusion-column-has-shadow fusion-flex-column-wrapper-legacy\"><div class=\"fusion-text fusion-text-1\"><p style=\"text-align: left;\">La fondation a \u00e9t\u00e9 fond\u00e9e en 2016, le 26 juin \u00e0 Utrecht sous le nom de Stichting Gendertalent. Le premier objectif de la fondation \u00e9tait de d\u00e9velopper un programme pour les personnes transgenres afin de les aider \u00e0 travailler. Au cours de la p\u00e9riode du 26 juin 2016 au 23 d\u00e9cembre 2016, le comit\u00e9 fondateur a travaill\u00e9 progressivement \u00e0 la fondation de l&rsquo;organisation. Pour d\u00e9finir sa mission et ses objectifs.<\/p>\n<p style=\"text-align: left;\">Du 10 f\u00e9vrier au 1er ao\u00fbt 2018, Gendertalent s&rsquo;est construit. Pendant cette p\u00e9riode, les fondations ont \u00e9t\u00e9 transform\u00e9es \u00e0 plusieurs reprises et la forme actuelle ne convenait pas tout \u00e0 fait. Ainsi, fin juillet 2018, plus t\u00f4t que pr\u00e9vu, la soci\u00e9t\u00e9 (aujourd&rsquo;hui The Peoples Freedom Company B.V.) a \u00e9t\u00e9 fond\u00e9e. Cette soci\u00e9t\u00e9 se concentre d\u00e9sormais sur <a href=\"https:\/\/gendertalent.com\">Gendertalent<\/a>, <a href=\"https:\/\/genderflex.com\">Genderflex<\/a>, <a href=\"https:\/\/genderstories.com\">Genderstories<\/a> et <a href=\"https:\/\/genderclinic.com\">Genderclinic<\/a> pour aider la soci\u00e9t\u00e9 \u00e0 <a href=\"https:\/\/genderness.com\">s&rsquo;int\u00e9resser au genre<\/a>. Les actions de la soci\u00e9t\u00e9 sont d\u00e9tenues par le bureau fiduciaire The Peoples Freedom Company.<\/p>\n<p style=\"text-align: left;\">Il fallait donc que la fondation ait une nouvelle orientation pour faire le bien dans la soci\u00e9t\u00e9. C&rsquo;est ainsi que la <a href=\"https:\/\/www.oranjefonds.nl\/\">Fondation Orange Fund,<\/a> a reconnu le projet Genderbuddy. Avec l&rsquo;infrastructure de l&rsquo;entreprise, notre nouveau conseil d&rsquo;administration attirera de nouveaux b\u00e9n\u00e9voles pour aider les personnes transsexuelles avec un copain, en commen\u00e7ant aux Pays-Bas et en suivant, esp\u00e9rons-le, le chemin des entreprises ailleurs en Europe par la suite.<\/p>\n<p style=\"text-align: left;\">Au cours des cinq derniers mois, un nouveau conseil d&rsquo;administration a \u00e9t\u00e9 form\u00e9 et le nom de \u00ab\u00a0stichting Genderwende\u00a0\u00bb a \u00e9t\u00e9 chang\u00e9 en \u00ab\u00a0Stichting Catharina Anastasia Foundation\u00a0\u00bb. L&rsquo;objectif de la fondation est d\u00e9sormais centr\u00e9 sur les questions de (trans)genre et sur les questions transcendantes. Le nouveau conseil de la fondation travaille actuellement sur un nouveau plan strat\u00e9gique et sur l&rsquo;op\u00e9rationnalisation du projet <a href=\"https:\/\/genderbuddy.com\">Genderbuddy<\/a> et sur la collecte de fonds pour d&rsquo;importantes missions f\u00e9eriques.<\/p>\n<p style=\"text-align: left;\">En m\u00eame temps, \u00e0 l&rsquo;annonce de la nouvelle orientation et des nouveaux objectifs, la fondation demande l&rsquo;attention du <a href=\"\/?p=772&amp;portfolioCats=23%2C24%2C25\">projet de Kami Choundry pour soutenir les personnes transgenres au Pakistan qui souffrent des cons\u00e9quences de COVID-19<\/a>.<\/p>\n<p>En 2017, la fondation a obtenu le statut ANBI (SMO) du <a href=\"https:\/\/www.belastingdienst.nl\/rekenhulpen\/anbi_zoeken\/\">Autorit\u00e9s fiscales n\u00e9erlandaises<\/a> (pour v\u00e9rifier par vous-m\u00eame : veuillez cliquer sur le lien). Cela signifie que votre don est d\u00e9ductible des imp\u00f4ts aux Pays-Bas.<\/p>\n<\/div><div class=\"fusion-clearfix\"><\/div><\/div><\/div><div class=\"fusion-layout-column fusion_builder_column fusion-builder-column-2 fusion_builder_column_1_1 1_1 fusion-one-full fusion-column-first fusion-column-last\" style=\"--awb-bg-color:#ec8678;--awb-bg-color-hover:#ec8678;--awb-bg-size:cover;--awb-border-color:#ec8678;--awb-border-top:1px;--awb-border-right:1px;--awb-border-bottom:1px;--awb-border-left:1px;--awb-border-style:solid;\"><div class=\"fusion-column-wrapper fusion-column-has-shadow fusion-flex-column-wrapper-legacy\"><div class=\"fusion-title title fusion-title-2 fusion-title-text fusion-title-size-three\" style=\"--awb-text-color:#ffffff;--awb-margin-top-small:10px;--awb-margin-right-small:0px;--awb-margin-bottom-small:10px;--awb-margin-left-small:0px;--awb-sep-color:#ffffff;\"><h3 class=\"fusion-title-heading title-heading-left\" style=\"margin:0;\"><p><span style=\"color: #ffffff;\">Mission<br \/>\n<\/span><\/p><\/h3><span class=\"awb-title-spacer\"><\/span><div class=\"title-sep-container\"><div class=\"title-sep sep-double sep-solid\" style=\"border-color:#ffffff;\"><\/div><\/div><\/div><div class=\"fusion-clearfix\"><\/div><\/div><\/div><div class=\"fusion-layout-column fusion_builder_column fusion-builder-column-3 fusion_builder_column_1_1 1_1 fusion-one-full fusion-column-first fusion-column-last\" style=\"--awb-bg-size:cover;\"><div class=\"fusion-column-wrapper fusion-column-has-shadow fusion-flex-column-wrapper-legacy\"><div class=\"fusion-text fusion-text-2\"><p><span class=\"tlid-translation translation\" lang=\"en\"><span title=\"\">La fondation vise \u00e0 soutenir les personnes qui, par leurs id\u00e9es et leurs actions concr\u00e8tes, ch\u00e9rissent et am\u00e9liorent la libert\u00e9 d&rsquo;expression, la libert\u00e9 de philosophie de vie des personnes. A<\/span><span title=\"\">et en outre tout ce qui s&rsquo;y rapporte directement ou indirectement ou peut y contribuer, le tout au sens le plus large du terme.<\/span><\/span><\/p>\n<p><span class=\"tlid-translation translation\" lang=\"en\"><span title=\"\">Elle s&rsquo;efforce d&rsquo;atteindre cet objectif en:<\/span><br \/>\n<span title=\"\">a. financer et mener des recherches ind\u00e9pendantes;<\/span><br \/>\n<span title=\"\">b.<\/span> <span title=\"\">soutien aux projets;<\/span><br \/>\n<span title=\"\">c.<\/span> <span class=\"\" title=\"\">mise en place et soutien de r\u00e9seaux et de partenariats;<\/span><br \/>\n<\/span><\/p>\n<p><span class=\"tlid-translation translation\" lang=\"en\"><span class=\"\" title=\"\">La fondation n&rsquo;a pas l&rsquo;intention de faire des b\u00e9n\u00e9fices.<\/span><\/span><\/p>\n<\/div><div class=\"fusion-clearfix\"><\/div><\/div><\/div><div class=\"fusion-layout-column fusion_builder_column fusion-builder-column-4 fusion_builder_column_1_1 1_1 fusion-one-full fusion-column-first fusion-column-last\" style=\"--awb-bg-color:#ec8678;--awb-bg-color-hover:#ec8678;--awb-bg-size:cover;--awb-border-color:#ec8678;--awb-border-top:1px;--awb-border-right:1px;--awb-border-bottom:1px;--awb-border-left:1px;--awb-border-style:solid;\"><div class=\"fusion-column-wrapper fusion-column-has-shadow fusion-flex-column-wrapper-legacy\"><div class=\"fusion-title title fusion-title-3 fusion-title-text fusion-title-size-three\" style=\"--awb-text-color:#ffffff;--awb-margin-top-small:10px;--awb-margin-right-small:0px;--awb-margin-bottom-small:10px;--awb-margin-left-small:0px;--awb-sep-color:#ffffff;\"><h3 class=\"fusion-title-heading title-heading-left\" style=\"margin:0;\"><p><span style=\"color: #ffffff;\">Membres du conseil d&rsquo;administration<br \/>\n<\/span><\/p><\/h3><span class=\"awb-title-spacer\"><\/span><div class=\"title-sep-container\"><div class=\"title-sep sep-double sep-solid\" style=\"border-color:#ffffff;\"><\/div><\/div><\/div><div class=\"fusion-clearfix\"><\/div><\/div><\/div><div class=\"fusion-layout-column fusion_builder_column fusion-builder-column-5 fusion_builder_column_1_1 1_1 fusion-one-full fusion-column-first fusion-column-last\" style=\"--awb-bg-size:cover;\"><div class=\"fusion-column-wrapper fusion-column-has-shadow fusion-flex-column-wrapper-legacy\"><ul style=\"--awb-line-height:27.2px;--awb-icon-width:27.2px;--awb-icon-height:27.2px;--awb-icon-margin:11.2px;--awb-content-margin:38.4px;--awb-circlecolor:#ec8678;--awb-circle-yes-font-size:14.08px;\" class=\"fusion-checklist fusion-checklist-1 fusion-checklist-default type-icons\"><li class=\"fusion-li-item\" style=\"\"><span class=\"icon-wrapper circle-yes\"><i class=\"fusion-li-icon fa-compress fas\" aria-hidden=\"true\"><\/i><\/span><div class=\"fusion-li-item-content\">\n<p>Pr\u00e9sident :\u00a0\u00a0\u00a0\u00a0\u00a0\u00a0\u00a0\u00a0\u00a0\u00a0\u00a0\u00a0\u00a0\u00a0\u00a0\u00a0\u00a0\u00a0\u00a0\u00a0\u00a0\u00a0\u00a0\u00a0\u00a0\u00a0\u00a0\u00a0 Mme drs. Catharina Anastasia Visser<\/p>\n<\/div><\/li><li class=\"fusion-li-item\" style=\"\"><span class=\"icon-wrapper circle-yes\"><i class=\"fusion-li-icon fa-compress fas\" aria-hidden=\"true\"><\/i><\/span><div class=\"fusion-li-item-content\">\n<p>Secr\u00e9taire\/ Vice-pr\u00e9sident :\u00a0\u00a0 Mme Ana C. Marques Fildalgo<\/p>\n<\/div><\/li><li class=\"fusion-li-item\" style=\"\"><span class=\"icon-wrapper circle-yes\"><i class=\"fusion-li-icon fa-compress fas\" aria-hidden=\"true\"><\/i><\/span><div class=\"fusion-li-item-content\">\n<p>Tr\u00e9sorier :\u00a0\u00a0\u00a0\u00a0\u00a0\u00a0\u00a0\u00a0\u00a0\u00a0\u00a0\u00a0\u00a0\u00a0\u00a0\u00a0\u00a0\u00a0\u00a0\u00a0\u00a0\u00a0 M. J.C. Wiefferink<\/p>\n<\/div><\/li><\/ul><div class=\"fusion-sep-clear\"><\/div><div class=\"fusion-separator fusion-full-width-sep\" style=\"margin-left: auto;margin-right: auto;width:100%;\"><div class=\"fusion-separator-border sep-double\" style=\"--awb-height:20px;--awb-amount:20px;--awb-sep-color:#ffffff;border-color:#ffffff;border-top-width:1px;border-bottom-width:1px;\"><\/div><\/div><div class=\"fusion-sep-clear\"><\/div><div class=\"fusion-text fusion-text-3\"><p>Les membres du conseil d&rsquo;administration n&rsquo;ont pas de r\u00e9mun\u00e9ration, seuls les co\u00fbts directs sont couverts.<\/p>\n<\/div><div class=\"fusion-clearfix\"><\/div><\/div><\/div><div class=\"fusion-layout-column fusion_builder_column fusion-builder-column-6 fusion_builder_column_1_1 1_1 fusion-one-full fusion-column-first fusion-column-last\" style=\"--awb-bg-color:#ec8678;--awb-bg-color-hover:#ec8678;--awb-bg-size:cover;--awb-border-color:#ec8678;--awb-border-top:1px;--awb-border-right:1px;--awb-border-bottom:1px;--awb-border-left:1px;--awb-border-style:solid;\"><div class=\"fusion-column-wrapper fusion-column-has-shadow fusion-flex-column-wrapper-legacy\"><div class=\"fusion-title title fusion-title-4 fusion-title-text fusion-title-size-three\" style=\"--awb-text-color:#ffffff;--awb-margin-top-small:10px;--awb-margin-right-small:0px;--awb-margin-bottom-small:10px;--awb-margin-left-small:0px;--awb-sep-color:#ffffff;\"><h3 class=\"fusion-title-heading title-heading-left\" style=\"margin:0;\"><p><span style=\"color: #ffffff;\">Documents pertinents<br \/>\n<\/span><\/p><\/h3><span class=\"awb-title-spacer\"><\/span><div class=\"title-sep-container\"><div class=\"title-sep sep-double sep-solid\" style=\"border-color:#ffffff;\"><\/div><\/div><\/div><div class=\"fusion-clearfix\"><\/div><\/div><\/div><div class=\"fusion-layout-column fusion_builder_column fusion-builder-column-7 fusion_builder_column_1_1 1_1 fusion-one-full fusion-column-first fusion-column-last\" style=\"--awb-bg-size:cover;\"><div class=\"fusion-column-wrapper fusion-column-has-shadow fusion-flex-column-wrapper-legacy\"><ul style=\"--awb-line-height:27.2px;--awb-icon-width:27.2px;--awb-icon-height:27.2px;--awb-icon-margin:11.2px;--awb-content-margin:38.4px;--awb-circlecolor:#ec8678;--awb-circle-yes-font-size:14.08px;\" class=\"fusion-checklist fusion-checklist-2 fusion-checklist-default type-icons\"><li class=\"fusion-li-item\" style=\"\"><span class=\"icon-wrapper circle-yes\"><i class=\"fusion-li-icon fa-arrow-right fas\" aria-hidden=\"true\"><\/i><\/span><div class=\"fusion-li-item-content\">\n<p><a href=\"https:\/\/catharinaanastasia.foundation\/wp-content\/uploads\/2020\/05\/AFSCHRIFT-AKTE-van-statutenwijziging-Stichting-GenderWende-1.pdf\">Articles constitutifs (n\u00e9erlandais)<\/a><\/p>\n<\/div><\/li><li class=\"fusion-li-item\" style=\"\"><span class=\"icon-wrapper circle-yes\"><i class=\"fusion-li-icon fa-arrow-right fas\" aria-hidden=\"true\"><\/i><\/span><div class=\"fusion-li-item-content\">\n<p><a href=\"https:\/\/catharinaanastasia.foundation\/wp-content\/uploads\/2020\/05\/20200517-Catharina-Anastasia-Foundation-Strategy-Plan-2020-2022-.pdf\">Plan strat\u00e9gique 2020-2022<\/a><\/p>\n<\/div><\/li><li class=\"fusion-li-item\" style=\"\"><span class=\"icon-wrapper circle-yes\"><i class=\"fusion-li-icon fa-arrow-right fas\" aria-hidden=\"true\"><\/i><\/span><div class=\"fusion-li-item-content\">\n<p><a href=\"https:\/\/catharinaanastasia.foundation\/wp-content\/uploads\/2020\/05\/20180420-GenderTalent-Jaarverslag-2016-Vdef.pdf\">Rapport bi-annuel 2016\/ 2017 (n\u00e9erlandais)<\/a><\/p>\n<\/div><\/li><\/ul><div class=\"fusion-clearfix\"><\/div><\/div><\/div><\/div><\/div>\n","protected":false},"excerpt":{"rendered":"","protected":false},"author":1,"featured_media":0,"parent":0,"menu_order":5,"comment_status":"closed","ping_status":"closed","template":"","meta":{"footnotes":""},"class_list":["post-2249","page","type-page","status-publish","hentry"],"yoast_head":"<!-- This site is optimized with the Yoast SEO plugin v27.3 - https:\/\/yoast.com\/product\/yoast-seo-wordpress\/ -->\n<title>Notre conte de f\u00e9es - Catharina Anastasia Foundation<\/title>\n<meta name=\"robots\" content=\"index, follow, max-snippet:-1, max-image-preview:large, max-video-preview:-1\" \/>\n<link rel=\"canonical\" href=\"https:\/\/catharinaanastasia.foundation\/fr\/notre-conte-de-fees\/\" \/>\n<meta property=\"og:locale\" content=\"fr_FR\" \/>\n<meta property=\"og:type\" content=\"article\" \/>\n<meta property=\"og:title\" content=\"Notre conte de f\u00e9es - Catharina Anastasia Foundation\" \/>\n<meta property=\"og:url\" content=\"https:\/\/catharinaanastasia.foundation\/fr\/notre-conte-de-fees\/\" \/>\n<meta property=\"og:site_name\" content=\"Catharina Anastasia Foundation\" \/>\n<meta property=\"article:modified_time\" content=\"2022-09-05T16:22:38+00:00\" \/>\n<meta name=\"twitter:card\" content=\"summary_large_image\" \/>\n<meta name=\"twitter:label1\" content=\"Dur\u00e9e de lecture estim\u00e9e\" \/>\n\t<meta name=\"twitter:data1\" content=\"6 minutes\" \/>\n<script type=\"application\/ld+json\" class=\"yoast-schema-graph\">{\"@context\":\"https:\\\/\\\/schema.org\",\"@graph\":[{\"@type\":\"WebPage\",\"@id\":\"https:\\\/\\\/catharinaanastasia.foundation\\\/fr\\\/notre-conte-de-fees\\\/\",\"url\":\"https:\\\/\\\/catharinaanastasia.foundation\\\/fr\\\/notre-conte-de-fees\\\/\",\"name\":\"Notre conte de f\u00e9es - Catharina Anastasia Foundation\",\"isPartOf\":{\"@id\":\"https:\\\/\\\/catharinaanastasia.foundation\\\/fr\\\/#website\"},\"datePublished\":\"2022-09-05T13:35:48+00:00\",\"dateModified\":\"2022-09-05T16:22:38+00:00\",\"breadcrumb\":{\"@id\":\"https:\\\/\\\/catharinaanastasia.foundation\\\/fr\\\/notre-conte-de-fees\\\/#breadcrumb\"},\"inLanguage\":\"fr-FR\",\"potentialAction\":[{\"@type\":\"ReadAction\",\"target\":[\"https:\\\/\\\/catharinaanastasia.foundation\\\/fr\\\/notre-conte-de-fees\\\/\"]}]},{\"@type\":\"BreadcrumbList\",\"@id\":\"https:\\\/\\\/catharinaanastasia.foundation\\\/fr\\\/notre-conte-de-fees\\\/#breadcrumb\",\"itemListElement\":[{\"@type\":\"ListItem\",\"position\":1,\"name\":\"Home\",\"item\":\"https:\\\/\\\/catharinaanastasia.foundation\\\/fr\\\/\"},{\"@type\":\"ListItem\",\"position\":2,\"name\":\"Notre conte de f\u00e9es\"}]},{\"@type\":\"WebSite\",\"@id\":\"https:\\\/\\\/catharinaanastasia.foundation\\\/fr\\\/#website\",\"url\":\"https:\\\/\\\/catharinaanastasia.foundation\\\/fr\\\/\",\"name\":\"Catharina Anastasia Foundation\",\"description\":\"Catharina Anastasia Foundation\",\"potentialAction\":[{\"@type\":\"SearchAction\",\"target\":{\"@type\":\"EntryPoint\",\"urlTemplate\":\"https:\\\/\\\/catharinaanastasia.foundation\\\/fr\\\/?s={search_term_string}\"},\"query-input\":{\"@type\":\"PropertyValueSpecification\",\"valueRequired\":true,\"valueName\":\"search_term_string\"}}],\"inLanguage\":\"fr-FR\"}]}<\/script>\n<!-- \/ Yoast SEO plugin. -->","yoast_head_json":{"title":"Notre conte de f\u00e9es - Catharina Anastasia Foundation","robots":{"index":"index","follow":"follow","max-snippet":"max-snippet:-1","max-image-preview":"max-image-preview:large","max-video-preview":"max-video-preview:-1"},"canonical":"https:\/\/catharinaanastasia.foundation\/fr\/notre-conte-de-fees\/","og_locale":"fr_FR","og_type":"article","og_title":"Notre conte de f\u00e9es - Catharina Anastasia Foundation","og_url":"https:\/\/catharinaanastasia.foundation\/fr\/notre-conte-de-fees\/","og_site_name":"Catharina Anastasia Foundation","article_modified_time":"2022-09-05T16:22:38+00:00","twitter_card":"summary_large_image","twitter_misc":{"Dur\u00e9e de lecture estim\u00e9e":"6 minutes"},"schema":{"@context":"https:\/\/schema.org","@graph":[{"@type":"WebPage","@id":"https:\/\/catharinaanastasia.foundation\/fr\/notre-conte-de-fees\/","url":"https:\/\/catharinaanastasia.foundation\/fr\/notre-conte-de-fees\/","name":"Notre conte de f\u00e9es - Catharina Anastasia Foundation","isPartOf":{"@id":"https:\/\/catharinaanastasia.foundation\/fr\/#website"},"datePublished":"2022-09-05T13:35:48+00:00","dateModified":"2022-09-05T16:22:38+00:00","breadcrumb":{"@id":"https:\/\/catharinaanastasia.foundation\/fr\/notre-conte-de-fees\/#breadcrumb"},"inLanguage":"fr-FR","potentialAction":[{"@type":"ReadAction","target":["https:\/\/catharinaanastasia.foundation\/fr\/notre-conte-de-fees\/"]}]},{"@type":"BreadcrumbList","@id":"https:\/\/catharinaanastasia.foundation\/fr\/notre-conte-de-fees\/#breadcrumb","itemListElement":[{"@type":"ListItem","position":1,"name":"Home","item":"https:\/\/catharinaanastasia.foundation\/fr\/"},{"@type":"ListItem","position":2,"name":"Notre conte de f\u00e9es"}]},{"@type":"WebSite","@id":"https:\/\/catharinaanastasia.foundation\/fr\/#website","url":"https:\/\/catharinaanastasia.foundation\/fr\/","name":"Catharina Anastasia Foundation","description":"Catharina Anastasia Foundation","potentialAction":[{"@type":"SearchAction","target":{"@type":"EntryPoint","urlTemplate":"https:\/\/catharinaanastasia.foundation\/fr\/?s={search_term_string}"},"query-input":{"@type":"PropertyValueSpecification","valueRequired":true,"valueName":"search_term_string"}}],"inLanguage":"fr-FR"}]}},"amp_enabled":true,"_links":{"self":[{"href":"https:\/\/catharinaanastasia.foundation\/fr\/wp-json\/wp\/v2\/pages\/2249","targetHints":{"allow":["GET"]}}],"collection":[{"href":"https:\/\/catharinaanastasia.foundation\/fr\/wp-json\/wp\/v2\/pages"}],"about":[{"href":"https:\/\/catharinaanastasia.foundation\/fr\/wp-json\/wp\/v2\/types\/page"}],"author":[{"embeddable":true,"href":"https:\/\/catharinaanastasia.foundation\/fr\/wp-json\/wp\/v2\/users\/1"}],"replies":[{"embeddable":true,"href":"https:\/\/catharinaanastasia.foundation\/fr\/wp-json\/wp\/v2\/comments?post=2249"}],"version-history":[{"count":1,"href":"https:\/\/catharinaanastasia.foundation\/fr\/wp-json\/wp\/v2\/pages\/2249\/revisions"}],"predecessor-version":[{"id":2275,"href":"https:\/\/catharinaanastasia.foundation\/fr\/wp-json\/wp\/v2\/pages\/2249\/revisions\/2275"}],"wp:attachment":[{"href":"https:\/\/catharinaanastasia.foundation\/fr\/wp-json\/wp\/v2\/media?parent=2249"}],"curies":[{"name":"wp","href":"https:\/\/api.w.org\/{rel}","templated":true}]}}