{"id":2244,"date":"2022-09-05T13:35:49","date_gmt":"2022-09-05T13:35:49","guid":{"rendered":"https:\/\/catharinaanastasia.foundation\/?page_id=2244"},"modified":"2022-09-05T16:24:03","modified_gmt":"2022-09-05T16:24:03","slug":"pagina-campione","status":"publish","type":"page","link":"https:\/\/catharinaanastasia.foundation\/it\/pagina-campione\/","title":{"rendered":"Pagina campione"},"content":{"rendered":"<div class=\"fusion-fullwidth fullwidth-box fusion-builder-row-1 fusion-flex-container nonhundred-percent-fullwidth non-hundred-percent-height-scrolling\" style=\"--awb-border-radius-top-left:0px;--awb-border-radius-top-right:0px;--awb-border-radius-bottom-right:0px;--awb-border-radius-bottom-left:0px;--awb-flex-wrap:wrap;\" ><div class=\"fusion-builder-row fusion-row fusion-flex-align-items-flex-start fusion-flex-content-wrap\" style=\"max-width:1248px;margin-left: calc(-4% \/ 2 );margin-right: calc(-4% \/ 2 );\"><div class=\"fusion-layout-column fusion_builder_column fusion-builder-column-0 fusion_builder_column_1_1 1_1 fusion-flex-column\" style=\"--awb-bg-size:cover;--awb-width-large:100%;--awb-margin-top-large:0px;--awb-spacing-right-large:1.92%;--awb-margin-bottom-large:0px;--awb-spacing-left-large:1.92%;--awb-width-medium:100%;--awb-spacing-right-medium:1.92%;--awb-spacing-left-medium:1.92%;--awb-width-small:100%;--awb-spacing-right-small:1.92%;--awb-spacing-left-small:1.92%;\"><div class=\"fusion-column-wrapper fusion-flex-justify-content-flex-start fusion-content-layout-column\"><div class=\"fusion-text fusion-text-1\"><p>Questa \u00e8 una pagina di esempio. \u00c8 diversa da un post del blog perch\u00e9 rimarr\u00e0 in un unico posto e apparir\u00e0 nella navigazione del sito (nella maggior parte dei temi). La maggior parte delle persone inizia con una pagina About che li introduce ai potenziali visitatori del sito. Potrebbe dire qualcosa del genere:<\/p>\n<blockquote>\n<p>Ciao! Sono un messaggero in bicicletta di giorno, aspirante attore di notte, e questo \u00e8 il mio sito web. Vivo a Los Angeles, ho un grande cane di nome Jack, e mi piace il pi\u00f1a coladas. (E farsi prendere dalla pioggia.)<\/p>\n<\/blockquote>\n<p>&#8230;o qualcosa del genere:<\/p>\n<blockquote>\n<p>La XYZ Doohickey Company \u00e8 stata fondata nel 1971, e da allora fornisce doohickey di qualit\u00e0 al pubblico. Situata a Gotham City, la XYZ impiega oltre 2.000 persone e fa ogni genere di cose fantastiche per la comunit\u00e0 di Gotham.<\/p>\n<\/blockquote>\n<p>Come nuovo utente WordPress, dovresti andare su <a href=\"https:\/\/catharinaanastasia.foundation\/wp-admin\/\">il tuo cruscotto<\/a> per cancellare questa pagina e creare nuove pagine per i tuoi contenuti. Buon divertimento!<\/p>\n<\/div><\/div><\/div><\/div><\/div>\n","protected":false},"excerpt":{"rendered":"","protected":false},"author":1,"featured_media":0,"parent":0,"menu_order":40,"comment_status":"closed","ping_status":"closed","template":"","meta":{"footnotes":""},"class_list":["post-2244","page","type-page","status-publish","hentry"],"yoast_head":"<!-- This site is optimized with the Yoast SEO plugin v27.4 - https:\/\/yoast.com\/product\/yoast-seo-wordpress\/ -->\n<title>Pagina campione - Catharina Anastasia Foundation<\/title>\n<meta name=\"robots\" content=\"index, follow, max-snippet:-1, max-image-preview:large, max-video-preview:-1\" \/>\n<link rel=\"canonical\" href=\"https:\/\/catharinaanastasia.foundation\/it\/pagina-campione\/\" \/>\n<meta property=\"og:locale\" content=\"it_IT\" \/>\n<meta property=\"og:type\" content=\"article\" \/>\n<meta property=\"og:title\" content=\"Pagina campione - Catharina Anastasia Foundation\" \/>\n<meta property=\"og:url\" content=\"https:\/\/catharinaanastasia.foundation\/it\/pagina-campione\/\" \/>\n<meta property=\"og:site_name\" content=\"Catharina Anastasia Foundation\" \/>\n<meta property=\"article:modified_time\" content=\"2022-09-05T16:24:03+00:00\" \/>\n<meta name=\"twitter:card\" content=\"summary_large_image\" \/>\n<meta name=\"twitter:label1\" content=\"Tempo di lettura stimato\" \/>\n\t<meta name=\"twitter:data1\" content=\"1 minuto\" \/>\n<script type=\"application\/ld+json\" class=\"yoast-schema-graph\">{\"@context\":\"https:\\\/\\\/schema.org\",\"@graph\":[{\"@type\":\"WebPage\",\"@id\":\"https:\\\/\\\/catharinaanastasia.foundation\\\/it\\\/pagina-campione\\\/\",\"url\":\"https:\\\/\\\/catharinaanastasia.foundation\\\/it\\\/pagina-campione\\\/\",\"name\":\"Pagina campione - Catharina Anastasia Foundation\",\"isPartOf\":{\"@id\":\"https:\\\/\\\/catharinaanastasia.foundation\\\/it\\\/#website\"},\"datePublished\":\"2022-09-05T13:35:49+00:00\",\"dateModified\":\"2022-09-05T16:24:03+00:00\",\"breadcrumb\":{\"@id\":\"https:\\\/\\\/catharinaanastasia.foundation\\\/it\\\/pagina-campione\\\/#breadcrumb\"},\"inLanguage\":\"it-IT\",\"potentialAction\":[{\"@type\":\"ReadAction\",\"target\":[\"https:\\\/\\\/catharinaanastasia.foundation\\\/it\\\/pagina-campione\\\/\"]}]},{\"@type\":\"BreadcrumbList\",\"@id\":\"https:\\\/\\\/catharinaanastasia.foundation\\\/it\\\/pagina-campione\\\/#breadcrumb\",\"itemListElement\":[{\"@type\":\"ListItem\",\"position\":1,\"name\":\"Home\",\"item\":\"https:\\\/\\\/catharinaanastasia.foundation\\\/it\\\/\"},{\"@type\":\"ListItem\",\"position\":2,\"name\":\"Pagina campione\"}]},{\"@type\":\"WebSite\",\"@id\":\"https:\\\/\\\/catharinaanastasia.foundation\\\/it\\\/#website\",\"url\":\"https:\\\/\\\/catharinaanastasia.foundation\\\/it\\\/\",\"name\":\"Catharina Anastasia Foundation\",\"description\":\"Catharina Anastasia Foundation\",\"potentialAction\":[{\"@type\":\"SearchAction\",\"target\":{\"@type\":\"EntryPoint\",\"urlTemplate\":\"https:\\\/\\\/catharinaanastasia.foundation\\\/it\\\/?s={search_term_string}\"},\"query-input\":{\"@type\":\"PropertyValueSpecification\",\"valueRequired\":true,\"valueName\":\"search_term_string\"}}],\"inLanguage\":\"it-IT\"}]}<\/script>\n<!-- \/ Yoast SEO plugin. -->","yoast_head_json":{"title":"Pagina campione - Catharina Anastasia Foundation","robots":{"index":"index","follow":"follow","max-snippet":"max-snippet:-1","max-image-preview":"max-image-preview:large","max-video-preview":"max-video-preview:-1"},"canonical":"https:\/\/catharinaanastasia.foundation\/it\/pagina-campione\/","og_locale":"it_IT","og_type":"article","og_title":"Pagina campione - Catharina Anastasia Foundation","og_url":"https:\/\/catharinaanastasia.foundation\/it\/pagina-campione\/","og_site_name":"Catharina Anastasia Foundation","article_modified_time":"2022-09-05T16:24:03+00:00","twitter_card":"summary_large_image","twitter_misc":{"Tempo di lettura stimato":"1 minuto"},"schema":{"@context":"https:\/\/schema.org","@graph":[{"@type":"WebPage","@id":"https:\/\/catharinaanastasia.foundation\/it\/pagina-campione\/","url":"https:\/\/catharinaanastasia.foundation\/it\/pagina-campione\/","name":"Pagina campione - Catharina Anastasia Foundation","isPartOf":{"@id":"https:\/\/catharinaanastasia.foundation\/it\/#website"},"datePublished":"2022-09-05T13:35:49+00:00","dateModified":"2022-09-05T16:24:03+00:00","breadcrumb":{"@id":"https:\/\/catharinaanastasia.foundation\/it\/pagina-campione\/#breadcrumb"},"inLanguage":"it-IT","potentialAction":[{"@type":"ReadAction","target":["https:\/\/catharinaanastasia.foundation\/it\/pagina-campione\/"]}]},{"@type":"BreadcrumbList","@id":"https:\/\/catharinaanastasia.foundation\/it\/pagina-campione\/#breadcrumb","itemListElement":[{"@type":"ListItem","position":1,"name":"Home","item":"https:\/\/catharinaanastasia.foundation\/it\/"},{"@type":"ListItem","position":2,"name":"Pagina campione"}]},{"@type":"WebSite","@id":"https:\/\/catharinaanastasia.foundation\/it\/#website","url":"https:\/\/catharinaanastasia.foundation\/it\/","name":"Catharina Anastasia Foundation","description":"Catharina Anastasia Foundation","potentialAction":[{"@type":"SearchAction","target":{"@type":"EntryPoint","urlTemplate":"https:\/\/catharinaanastasia.foundation\/it\/?s={search_term_string}"},"query-input":{"@type":"PropertyValueSpecification","valueRequired":true,"valueName":"search_term_string"}}],"inLanguage":"it-IT"}]}},"amp_enabled":true,"_links":{"self":[{"href":"https:\/\/catharinaanastasia.foundation\/it\/wp-json\/wp\/v2\/pages\/2244","targetHints":{"allow":["GET"]}}],"collection":[{"href":"https:\/\/catharinaanastasia.foundation\/it\/wp-json\/wp\/v2\/pages"}],"about":[{"href":"https:\/\/catharinaanastasia.foundation\/it\/wp-json\/wp\/v2\/types\/page"}],"author":[{"embeddable":true,"href":"https:\/\/catharinaanastasia.foundation\/it\/wp-json\/wp\/v2\/users\/1"}],"replies":[{"embeddable":true,"href":"https:\/\/catharinaanastasia.foundation\/it\/wp-json\/wp\/v2\/comments?post=2244"}],"version-history":[{"count":1,"href":"https:\/\/catharinaanastasia.foundation\/it\/wp-json\/wp\/v2\/pages\/2244\/revisions"}],"predecessor-version":[{"id":2266,"href":"https:\/\/catharinaanastasia.foundation\/it\/wp-json\/wp\/v2\/pages\/2244\/revisions\/2266"}],"wp:attachment":[{"href":"https:\/\/catharinaanastasia.foundation\/it\/wp-json\/wp\/v2\/media?parent=2244"}],"curies":[{"name":"wp","href":"https:\/\/api.w.org\/{rel}","templated":true}]}}